{"id":102916,"date":"2019-12-11T12:38:07","date_gmt":"2019-12-11T11:38:07","guid":{"rendered":"https:\/\/lemandalamoris.com\/ponte-en-contacto-con\/"},"modified":"2024-11-08T13:57:30","modified_gmt":"2024-11-08T12:57:30","slug":"ponte-en-contacto-con","status":"publish","type":"page","link":"https:\/\/lemandalamoris.com\/es\/ponte-en-contacto-con\/","title":{"rendered":"Ponte en contacto con"},"content":{"rendered":"<p>[et_pb_section fb_built=\u00bb1&#8243; custom_padding_last_edited=\u00bbon|phone\u00bb _builder_version=\u00bb4.16&#8243; background_color=\u00bb#333333&#8243; background_image=\u00bbhttps:\/\/dev.lemandalamoris.com\/wp-content\/uploads\/2024\/03\/1920x350x1.jpg\u00bb custom_margin=\u00bb0px||0px||true|false\u00bb custom_padding=\u00bb80px|0px|80px|0px|true|true\u00bb custom_padding_tablet=\u00bb60px||60px||true|true\u00bb custom_padding_phone=\u00bb40px||40px||true|true\u00bb global_colors_info=\u00bb{}\u00bb][et_pb_row _builder_version=\u00bb4.16&#8243; custom_margin=\u00bb0px||0px||true|false\u00bb custom_padding=\u00bb0px|0px|0px|0px|true|true\u00bb global_colors_info=\u00bb{}\u00bb][et_pb_column type=\u00bb4_4&#8243; _builder_version=\u00bb4.16&#8243; global_colors_info=\u00bb{}\u00bb][et_pb_text admin_label=\u00bbHeading\u00bb _builder_version=\u00bb4.16&#8243; header_2_font=\u00bbPoppins||||||||\u00bb header_2_text_align=\u00bbcenter\u00bb header_2_text_color=\u00bb#ffffff\u00bb header_2_font_size=\u00bb50px\u00bb header_2_letter_spacing=\u00bb1px\u00bb header_2_line_height=\u00bb60px\u00bb custom_margin=\u00bb0px||0px||true|false\u00bb custom_padding=\u00bb0px|0px|30px|0px|false|true\u00bb custom_padding_tablet=\u00bb||20px||false|true\u00bb custom_padding_phone=\u00bb||15px||false|true\u00bb custom_padding_last_edited=\u00bbon|phone\u00bb global_colors_info=\u00bb{}\u00bb]<\/p>\n<h2>Ponte en contacto con<\/h2>\n<p>[\/et_pb_text][et_pb_text admin_label=\u00bbSection Intro Content\u00bb _builder_version=\u00bb4.24.2&#8243; text_font=\u00bbOpen Sans||||||||\u00bb text_text_color=\u00bb#FFFFFF\u00bb text_font_size=\u00bb18px\u00bb text_line_height=\u00bb28px\u00bb text_orientation=\u00bbcenter\u00bb width=\u00bb70%\u00bb width_tablet=\u00bb100%\u00bb width_phone=\u00bb\u00bb width_last_edited=\u00bbon|phone\u00bb module_alignment=\u00bbcenter\u00bb custom_margin=\u00bb0px||0px||true|false\u00bb custom_padding=\u00bb0px|0px|0px|0px|true|true\u00bb text_font_size_tablet=\u00bb16px\u00bb text_font_size_phone=\u00bb15px\u00bb text_font_size_last_edited=\u00bbon|phone\u00bb text_line_height_tablet=\u00bb26px\u00bb text_line_height_phone=\u00bb25px\u00bb text_line_height_last_edited=\u00bbon|tablet\u00bb global_colors_info=\u00bb{}\u00bb]<\/p>\n<p>Si necesitas m\u00e1s informaci\u00f3n, no dudes en ponerte en contacto con nosotros por correo electr\u00f3nico, Whatsapp o Facebook Messenger.<\/p>\n<p>[\/et_pb_text][\/et_pb_column][\/et_pb_row][\/et_pb_section][et_pb_section fb_built=\u00bb1&#8243; custom_padding_last_edited=\u00bbon|phone\u00bb _builder_version=\u00bb4.16&#8243; background_color=\u00bb#f5f5f5&#8243; custom_margin=\u00bb0px||0px||true|false\u00bb custom_padding=\u00bb80px|0px|80px|0px|true|true\u00bb custom_padding_tablet=\u00bb60px||60px||true|true\u00bb custom_padding_phone=\u00bb40px||40px||true|true\u00bb global_colors_info=\u00bb{}\u00bb][et_pb_row custom_padding_last_edited=\u00bbon|phone\u00bb _builder_version=\u00bb4.16&#8243; custom_margin=\u00bb0px||0px||false|false\u00bb custom_padding=\u00bb0px|0px|50px|0px|false|true\u00bb custom_padding_tablet=\u00bb||40px||false|true\u00bb custom_padding_phone=\u00bb||30px||false|true\u00bb global_colors_info=\u00bb{}\u00bb][et_pb_column type=\u00bb4_4&#8243; _builder_version=\u00bb4.16&#8243; global_colors_info=\u00bb{}\u00bb][et_pb_image src=\u00bbhttps:\/\/dev.lemandalamoris.com\/wp-content\/uploads\/2024\/03\/100x14x1.png\u00bb title_text=\u00bb100x14x1&#8243; align=\u00bbcenter\u00bb admin_label=\u00bbSection Heading Under Line\u00bb _builder_version=\u00bb4.16&#8243; custom_margin=\u00bb0px||15px||false|false\u00bb custom_padding=\u00bb0px|0px|0px|0px|true|true\u00bb global_colors_info=\u00bb{}\u00bb][\/et_pb_image][\/et_pb_column][\/et_pb_row][et_pb_row column_structure=\u00bb1_2,1_2&#8243; use_custom_gutter=\u00bbon\u00bb gutter_width=\u00bb2&#8243; make_equal=\u00bbon\u00bb _builder_version=\u00bb4.24.2&#8243; custom_margin=\u00bb0px||0px||true|false\u00bb custom_padding=\u00bb0px||0px|0px|false|false\u00bb global_colors_info=\u00bb{}\u00bb][et_pb_column type=\u00bb1_2&#8243; module_class=\u00bbpbt-divi-2col  contact-col cont-form-mar-0 contac-page-col\u00bb _builder_version=\u00bb4.24.2&#8243; background_image=\u00bbhttps:\/\/dev.lemandalamoris.com\/wp-content\/uploads\/2024\/03\/view-from-suite-1.jpg\u00bb global_colors_info=\u00bb{}\u00bb][\/et_pb_column][et_pb_column type=\u00bb1_2&#8243; module_class=\u00bbpbt-divi-2col pbt-divi-last-col contact-col contac-page-col\u00bb _builder_version=\u00bb4.24.2&#8243; custom_css_main_element=\u00bbmargin:auto;\u00bb global_colors_info=\u00bb{}\u00bb][et_pb_text admin_label=\u00bbMonthly Offer Content\u00bb _builder_version=\u00bb4.24.2&#8243; text_font=\u00bbOpen Sans|500|||||||\u00bb text_text_color=\u00bb#666666&#8243; text_line_height=\u00bb24px\u00bb text_orientation=\u00bbcenter\u00bb custom_margin=\u00bb0px||0px||true|false\u00bb custom_padding=\u00bb0px|0px|30px|0px|false|true\u00bb global_colors_info=\u00bb{}\u00bb]<\/p>\n<p>ESPERAMOS RECIBIRTE PRONTO.<\/p>\n<p>[\/et_pb_text][et_pb_contact_form email=\u00bbreservation@lemandalamoris.com, alexandre.fuchs82@gmail.com\u00bb custom_message=\u00bb%%First_Name%% %%Last_Name%% %%Your_Number%% %%Email%%Nombre: ||et_pb_line_break_holder||Apellido: |et_pb_line_break_holder||N\u00famero de tel\u00e9fono: |et_pb_line_break_holder||Correo electr\u00f3nico: |et_pb_line_break_holder|Mensaje: %%Message%%\u00bb success_message=\u00bbHemos recibido tu solicitud y nos pondremos en contacto contigo lo antes posible.\u00bb submit_button_text=\u00bbEnviar solicitud\u00bb module_class=\u00bbcontant-contactus-form\u00bb _builder_version=\u00bb4.24.2&#8243; _unique_id=\u00bb998d57b8-6205-4375-808a-4267f7feb761&#8243; form_field_background_color=\u00bbrgba(0,0,0,0)\u00bb form_field_text_color=\u00bb#666666&#8243; form_field_font=\u00bbOpen Sans||||||||\u00bb custom_button=\u00bbon\u00bb button_text_size=\u00bb16px\u00bb button_text_color=\u00bb#ffffff\u00bb button_bg_color=\u00bb#ee7f38&#8243; button_border_color=\u00bb#ee7f38&#8243; button_border_radius=\u00bb5px\u00bb button_letter_spacing=\u00bb1px\u00bb button_font=\u00bbOpen Sans||||||||\u00bb button_use_icon=\u00bboff\u00bb button_custom_margin=\u00bb30px||||false|false\u00bb button_custom_padding=\u00bb12px|20px|12px|20px|true|true\u00bb hover_enabled=\u00bb0&#8243; custom_css_contact_fields=\u00bbborder: 1px solid #666666;||background-color:||transparent;\u00bb border_radii=\u00bbon|5px|5px|5px|5px\u00bb border_width_all=\u00bb1px\u00bb border_color_all=\u00bb#dddddd\u00bb global_colors_info=\u00bb{}\u00bb button_bg_color__hover_enabled=\u00bbon|desktop\u00bb button_bg_color__hover=\u00bbrgba(238,127,56,0)\u00bb button_bg_enable_color__hover=\u00bbon\u00bb button_text_color__hover_enabled=\u00bbon|desktop\u00bb button_text_color__hover=\u00bb#333333&#8243; use_spam_service=\u00bbon\u00bb recaptcha_list=\u00bbLemandalaMoris|LemandalaMoris-0&#8243; sticky_enabled=\u00bb0&#8243;][et_pb_contact_field field_id=\u00bbFirst_Name\u00bb field_title=\u00bbNombre\u00bb _builder_version=\u00bb4.24.2&#8243; global_colors_info=\u00bb{}\u00bb button_text_size__hover_enabled=\u00bboff\u00bb button_one_text_size__hover_enabled=\u00bboff\u00bb button_two_text_size__hover_enabled=\u00bboff\u00bb button_text_color__hover_enabled=\u00bboff\u00bb button_one_text_color__hover_enabled=\u00bboff\u00bb button_two_text_color__hover_enabled=\u00bboff\u00bb button_border_width__hover_enabled=\u00bboff\u00bb button_one_border_width__hover_enabled=\u00bboff\u00bb button_two_border_width__hover_enabled=\u00bboff\u00bb button_border_color__hover_enabled=\u00bboff\u00bb button_one_border_color__hover_enabled=\u00bboff\u00bb button_two_border_color__hover_enabled=\u00bboff\u00bb button_border_radius__hover_enabled=\u00bboff\u00bb button_one_border_radius__hover_enabled=\u00bboff\u00bb button_two_border_radius__hover_enabled=\u00bboff\u00bb button_letter_spacing__hover_enabled=\u00bboff\u00bb button_one_letter_spacing__hover_enabled=\u00bboff\u00bb button_two_letter_spacing__hover_enabled=\u00bboff\u00bb button_bg_color__hover_enabled=\u00bboff\u00bb button_one_bg_color__hover_enabled=\u00bboff\u00bb button_two_bg_color__hover_enabled=\u00bboff\u00bb][\/et_pb_contact_field][et_pb_contact_field field_id=\u00bbLast_Name\u00bb field_title=\u00bbNombre\u00bb _builder_version=\u00bb4.24.2&#8243; global_colors_info=\u00bb{}\u00bb button_text_size__hover_enabled=\u00bboff\u00bb button_one_text_size__hover_enabled=\u00bboff\u00bb button_two_text_size__hover_enabled=\u00bboff\u00bb button_text_color__hover_enabled=\u00bboff\u00bb button_one_text_color__hover_enabled=\u00bboff\u00bb button_two_text_color__hover_enabled=\u00bboff\u00bb button_border_width__hover_enabled=\u00bboff\u00bb button_one_border_width__hover_enabled=\u00bboff\u00bb button_two_border_width__hover_enabled=\u00bboff\u00bb button_border_color__hover_enabled=\u00bboff\u00bb button_one_border_color__hover_enabled=\u00bboff\u00bb button_two_border_color__hover_enabled=\u00bboff\u00bb button_border_radius__hover_enabled=\u00bboff\u00bb button_one_border_radius__hover_enabled=\u00bboff\u00bb button_two_border_radius__hover_enabled=\u00bboff\u00bb button_letter_spacing__hover_enabled=\u00bboff\u00bb button_one_letter_spacing__hover_enabled=\u00bboff\u00bb button_two_letter_spacing__hover_enabled=\u00bboff\u00bb button_bg_color__hover_enabled=\u00bboff\u00bb button_one_bg_color__hover_enabled=\u00bboff\u00bb button_two_bg_color__hover_enabled=\u00bboff\u00bb][\/et_pb_contact_field][et_pb_contact_field field_id=\u00bbYour_Number\u00bb field_title=\u00bbTel\u00e9fono\u00bb _builder_version=\u00bb4.24.2&#8243; global_colors_info=\u00bb{}\u00bb button_text_size__hover_enabled=\u00bboff\u00bb button_one_text_size__hover_enabled=\u00bboff\u00bb button_two_text_size__hover_enabled=\u00bboff\u00bb button_text_color__hover_enabled=\u00bboff\u00bb button_one_text_color__hover_enabled=\u00bboff\u00bb button_two_text_color__hover_enabled=\u00bboff\u00bb button_border_width__hover_enabled=\u00bboff\u00bb button_one_border_width__hover_enabled=\u00bboff\u00bb button_two_border_width__hover_enabled=\u00bboff\u00bb button_border_color__hover_enabled=\u00bboff\u00bb button_one_border_color__hover_enabled=\u00bboff\u00bb button_two_border_color__hover_enabled=\u00bboff\u00bb button_border_radius__hover_enabled=\u00bboff\u00bb button_one_border_radius__hover_enabled=\u00bboff\u00bb button_two_border_radius__hover_enabled=\u00bboff\u00bb button_letter_spacing__hover_enabled=\u00bboff\u00bb button_one_letter_spacing__hover_enabled=\u00bboff\u00bb button_two_letter_spacing__hover_enabled=\u00bboff\u00bb button_bg_color__hover_enabled=\u00bboff\u00bb button_one_bg_color__hover_enabled=\u00bboff\u00bb button_two_bg_color__hover_enabled=\u00bboff\u00bb][\/et_pb_contact_field][et_pb_contact_field field_id=\u00bbEmail\u00bb field_title=\u00bbEnv\u00eda un correo electr\u00f3nico a\u00bb field_type=\u00bbemail\u00bb _builder_version=\u00bb4.24.2&#8243; global_colors_info=\u00bb{}\u00bb button_text_size__hover_enabled=\u00bboff\u00bb button_one_text_size__hover_enabled=\u00bboff\u00bb button_two_text_size__hover_enabled=\u00bboff\u00bb button_text_color__hover_enabled=\u00bboff\u00bb button_one_text_color__hover_enabled=\u00bboff\u00bb button_two_text_color__hover_enabled=\u00bboff\u00bb button_border_width__hover_enabled=\u00bboff\u00bb button_one_border_width__hover_enabled=\u00bboff\u00bb button_two_border_width__hover_enabled=\u00bboff\u00bb button_border_color__hover_enabled=\u00bboff\u00bb button_one_border_color__hover_enabled=\u00bboff\u00bb button_two_border_color__hover_enabled=\u00bboff\u00bb button_border_radius__hover_enabled=\u00bboff\u00bb button_one_border_radius__hover_enabled=\u00bboff\u00bb button_two_border_radius__hover_enabled=\u00bboff\u00bb button_letter_spacing__hover_enabled=\u00bboff\u00bb button_one_letter_spacing__hover_enabled=\u00bboff\u00bb button_two_letter_spacing__hover_enabled=\u00bboff\u00bb button_bg_color__hover_enabled=\u00bboff\u00bb button_one_bg_color__hover_enabled=\u00bboff\u00bb button_two_bg_color__hover_enabled=\u00bboff\u00bb][\/et_pb_contact_field][et_pb_contact_field field_id=\u00bbMessage\u00bb field_title=\u00bbTu mensaje\u00bb field_type=\u00bbtext\u00bb fullwidth_field=\u00bbon\u00bb _builder_version=\u00bb4.24.2&#8243; global_colors_info=\u00bb{}\u00bb button_text_size__hover_enabled=\u00bboff\u00bb button_one_text_size__hover_enabled=\u00bboff\u00bb button_two_text_size__hover_enabled=\u00bboff\u00bb button_text_color__hover_enabled=\u00bboff\u00bb button_one_text_color__hover_enabled=\u00bboff\u00bb button_two_text_color__hover_enabled=\u00bboff\u00bb button_border_width__hover_enabled=\u00bboff\u00bb button_one_border_width__hover_enabled=\u00bboff\u00bb button_two_border_width__hover_enabled=\u00bboff\u00bb button_border_color__hover_enabled=\u00bboff\u00bb button_one_border_color__hover_enabled=\u00bboff\u00bb button_two_border_color__hover_enabled=\u00bboff\u00bb button_border_radius__hover_enabled=\u00bboff\u00bb button_one_border_radius__hover_enabled=\u00bboff\u00bb button_two_border_radius__hover_enabled=\u00bboff\u00bb button_letter_spacing__hover_enabled=\u00bboff\u00bb button_one_letter_spacing__hover_enabled=\u00bboff\u00bb button_two_letter_spacing__hover_enabled=\u00bboff\u00bb button_bg_color__hover_enabled=\u00bboff\u00bb button_one_bg_color__hover_enabled=\u00bboff\u00bb button_two_bg_color__hover_enabled=\u00bboff\u00bb][\/et_pb_contact_field][\/et_pb_contact_form][\/et_pb_column][\/et_pb_row][\/et_pb_section][et_pb_section fb_built=\u00bb1&#8243; custom_padding_last_edited=\u00bbon|phone\u00bb _builder_version=\u00bb4.16&#8243; background_color=\u00bb#ffffff\u00bb custom_margin=\u00bb0px||0px||true|false\u00bb custom_padding=\u00bb80px|0px|80px|0px|true|true\u00bb custom_padding_tablet=\u00bb60px||60px||true|true\u00bb custom_padding_phone=\u00bb40px||40px||true|true\u00bb global_colors_info=\u00bb{}\u00bb][et_pb_row column_structure=\u00bb1_3,1_3,1_3&#8243; use_custom_gutter=\u00bbon\u00bb gutter_width=\u00bb2&#8243; _builder_version=\u00bb4.16&#8243; custom_margin=\u00bb0px||0px||true|false\u00bb custom_padding=\u00bb0px|0px|0px|0px|true|true\u00bb global_colors_info=\u00bb{}\u00bb][et_pb_column type=\u00bb1_3&#8243; module_class=\u00bbcon-page-col pbt-divi-3col\u00bb _builder_version=\u00bb4.16&#8243; background_color=\u00bb#f2f2f2&#8243; custom_padding=\u00bb30px|30px|30px|30px|true|true\u00bb global_colors_info=\u00bb{}\u00bb][et_pb_text admin_label=\u00bbTeam Heading\u00bb _builder_version=\u00bb4.24.2&#8243; header_3_font=\u00bbPoppins||||||||\u00bb header_3_text_align=\u00bbleft\u00bb header_3_text_color=\u00bb#333333&#8243; header_3_font_size=\u00bb24px\u00bb header_3_letter_spacing=\u00bb1px\u00bb header_3_line_height=\u00bb34px\u00bb header_5_font=\u00bbPoppins||||||||\u00bb header_5_text_align=\u00bbleft\u00bb header_5_text_color=\u00bb#333333&#8243; header_5_font_size=\u00bb24px\u00bb header_5_letter_spacing=\u00bb1px\u00bb header_5_line_height=\u00bb34px\u00bb custom_margin=\u00bb0px||15px||false|false\u00bb custom_padding=\u00bb0px|0px|0px|0px|true|true\u00bb link_option_url=\u00bb#\u00bb global_colors_info=\u00bb{}\u00bb header_5_text_color__hover_enabled=\u00bbon|desktop\u00bb header_5_text_color__hover=\u00bb\u00bb header_3_text_color__hover_enabled=\u00bbon|desktop\u00bb header_3_text_color__hover=\u00bb#333333&#8243;]<\/p>\n<h3>Direcci\u00f3n<\/h3>\n<p>[\/et_pb_text][et_pb_text _builder_version=\u00bb4.24.2&#8243; text_font=\u00bbOpen Sans||||||||\u00bb text_text_color=\u00bb#999999&#8243; text_letter_spacing=\u00bb1px\u00bb custom_margin=\u00bb0px||0px||true|false\u00bb custom_padding=\u00bb0px|0px|0px|0px|true|true\u00bb global_colors_info=\u00bb{}\u00bb]<\/p>\n<p style=\"padding-bottom: 5px;\">\n<p>Rue des Etoiles Pointe aux Canonniers Mauricio<\/p>\n<p>[\/et_pb_text][\/et_pb_column][et_pb_column type=\u00bb1_3&#8243; module_class=\u00bbcon-page-col con-page-col-last pbt-divi-3col\u00bb _builder_version=\u00bb4.16&#8243; background_color=\u00bb#f2f2f2&#8243; custom_padding=\u00bb30px|30px|30px|30px|true|true\u00bb global_colors_info=\u00bb{}\u00bb][et_pb_text admin_label=\u00bbTeam Heading\u00bb _builder_version=\u00bb4.24.2&#8243; header_3_font=\u00bbPoppins||||||||\u00bb header_3_text_align=\u00bbleft\u00bb header_3_text_color=\u00bb#333333&#8243; header_3_font_size=\u00bb24px\u00bb header_3_letter_spacing=\u00bb1px\u00bb header_3_line_height=\u00bb34px\u00bb header_5_font=\u00bbPoppins||||||||\u00bb header_5_text_align=\u00bbleft\u00bb header_5_text_color=\u00bb#333333&#8243; header_5_font_size=\u00bb24px\u00bb header_5_letter_spacing=\u00bb1px\u00bb header_5_line_height=\u00bb34px\u00bb custom_margin=\u00bb0px||15px||false|false\u00bb custom_padding=\u00bb0px|0px|0px|0px|true|true\u00bb link_option_url=\u00bb#\u00bb global_colors_info=\u00bb{}\u00bb header_5_text_color__hover_enabled=\u00bbon|desktop\u00bb header_5_text_color__hover=\u00bb\u00bb header_3_text_color__hover_enabled=\u00bbon|desktop\u00bb header_3_text_color__hover=\u00bb#333333&#8243;]<\/p>\n<h3>Tel\u00e9fono<\/h3>\n<p>[\/et_pb_text][et_pb_text module_class=\u00bbtheme-hover-color-1&#8243; _builder_version=\u00bb4.24.2&#8243; text_font=\u00bbOpen Sans||||||||\u00bb text_text_color=\u00bb#999999&#8243; text_letter_spacing=\u00bb1px\u00bb custom_margin=\u00bb0px||0px||true|false\u00bb custom_padding=\u00bb0px|0px|0px|0px|true|true\u00bb link_option_url=\u00bb#\u00bb global_colors_info=\u00bb{}\u00bb text_text_color__hover_enabled=\u00bbon|hover\u00bb text_text_color__hover=\u00bb#EE7F38&#8243;]<\/p>\n<p style=\"padding-bottom: 5px;\">+230 52 55 8469<\/p>\n<p>[\/et_pb_text][\/et_pb_column][et_pb_column type=\u00bb1_3&#8243; module_class=\u00bbcon-page-col con-page-col-last pbt-divi-3col pbt-divi-last-col\u00bb _builder_version=\u00bb4.16&#8243; background_color=\u00bb#f2f2f2&#8243; custom_padding=\u00bb30px|30px|30px|30px|true|true\u00bb global_colors_info=\u00bb{}\u00bb][et_pb_text admin_label=\u00bbTeam Heading\u00bb _builder_version=\u00bb4.24.2&#8243; header_3_font=\u00bbPoppins||||||||\u00bb header_3_text_align=\u00bbleft\u00bb header_3_text_color=\u00bb#333333&#8243; header_3_font_size=\u00bb24px\u00bb header_3_letter_spacing=\u00bb1px\u00bb header_3_line_height=\u00bb34px\u00bb header_5_font=\u00bbPoppins||||||||\u00bb header_5_text_align=\u00bbleft\u00bb header_5_text_color=\u00bb#333333&#8243; header_5_font_size=\u00bb24px\u00bb header_5_letter_spacing=\u00bb1px\u00bb header_5_line_height=\u00bb34px\u00bb custom_margin=\u00bb0px||15px||false|false\u00bb custom_padding=\u00bb0px|0px|0px|0px|true|true\u00bb link_option_url=\u00bb#\u00bb global_colors_info=\u00bb{}\u00bb header_5_text_color__hover_enabled=\u00bbon|desktop\u00bb header_5_text_color__hover=\u00bb\u00bb header_3_text_color__hover_enabled=\u00bbon|desktop\u00bb header_3_text_color__hover=\u00bb#333333&#8243;]<\/p>\n<h3>Correo<\/h3>\n<p>[\/et_pb_text][et_pb_text module_class=\u00bbtheme-hover-color-1&#8243; _builder_version=\u00bb4.24.2&#8243; text_font=\u00bbOpen Sans||||||||\u00bb text_text_color=\u00bb#999999&#8243; text_letter_spacing=\u00bb1px\u00bb custom_margin=\u00bb0px||0px||true|false\u00bb custom_padding=\u00bb0px|0px|0px|0px|true|true\u00bb link_option_url=\u00bb#\u00bb global_colors_info=\u00bb{}\u00bb text_text_color__hover_enabled=\u00bbon|hover\u00bb text_text_color__hover=\u00bb#EE7F38&#8243;]<\/p>\n<p style=\"padding-bottom: 5px;\"><a href=\"mailto:reservation@lemandalamoris.com\">reservation@lemandalamoris.com<\/a><\/p>\n<p>[\/et_pb_text][\/et_pb_column][\/et_pb_row][\/et_pb_section]<\/p>\n","protected":false},"excerpt":{"rendered":"<p>Ponte en contacto conSi necesitas m\u00e1s informaci\u00f3n, no dudes en ponerte en contacto con nosotros por correo electr\u00f3nico, Whatsapp o Facebook Messenger.ESPERAMOS RECIBIRTE PRONTO.Direcci\u00f3nRue des Etoiles Pointe aux Canonniers MauricioTel\u00e9fono+230 52 55 8469Correoreservation@lemandalamoris.com<\/p>\n","protected":false},"author":1,"featured_media":0,"parent":0,"menu_order":0,"comment_status":"closed","ping_status":"closed","template":"","meta":{"_seopress_robots_primary_cat":"","_seopress_titles_title":"Contacto | Le Mandala Moris - Bed and breakfast","_seopress_titles_desc":"","_seopress_robots_index":"","_et_pb_use_builder":"on","_et_pb_old_content":"","_et_gb_content_width":"","footnotes":""},"class_list":["post-102916","page","type-page","status-publish","hentry"],"_links":{"self":[{"href":"https:\/\/lemandalamoris.com\/es\/wp-json\/wp\/v2\/pages\/102916","targetHints":{"allow":["GET"]}}],"collection":[{"href":"https:\/\/lemandalamoris.com\/es\/wp-json\/wp\/v2\/pages"}],"about":[{"href":"https:\/\/lemandalamoris.com\/es\/wp-json\/wp\/v2\/types\/page"}],"author":[{"embeddable":true,"href":"https:\/\/lemandalamoris.com\/es\/wp-json\/wp\/v2\/users\/1"}],"replies":[{"embeddable":true,"href":"https:\/\/lemandalamoris.com\/es\/wp-json\/wp\/v2\/comments?post=102916"}],"version-history":[{"count":0,"href":"https:\/\/lemandalamoris.com\/es\/wp-json\/wp\/v2\/pages\/102916\/revisions"}],"wp:attachment":[{"href":"https:\/\/lemandalamoris.com\/es\/wp-json\/wp\/v2\/media?parent=102916"}],"curies":[{"name":"wp","href":"https:\/\/api.w.org\/{rel}","templated":true}]}}